{"id":22388,"date":"2024-05-22T15:28:12","date_gmt":"2024-05-22T13:28:12","guid":{"rendered":"https:\/\/jewelscentury21.com\/?post_type=product&#038;p=22388"},"modified":"2024-12-02T13:49:48","modified_gmt":"2024-12-02T12:49:48","slug":"pack-6-lisas-y-1-trenzada-cobre","status":"publish","type":"product","link":"https:\/\/jewelscentury21.com\/en\/product\/pack-6-lisas-y-1-trenzada-cobre\/","title":{"rendered":"Pack of 6 thick and 1 copper braid"},"content":{"rendered":"<p>-Handcrafted.<\/p>\n<p>-These bracelets are filled with gold leaf and recovered with plastic<\/p>\n<p>-They symbolize unity, good luck, and infinite love.<\/p>\n<p>-They are flexible and 100% waterproof.<\/p>\n<p>-It is recommended to wear them in odd numbers..<\/p>\n<p>-Combine them with other colors and styles to transform your look by simply changing your bracelet.<\/p>\n<p>Sizes and approximate measurements (inner diameter):<\/p>\n<p>XS: 5,2 cm  &#8211;  S: 5,7 cm &#8211; M: 6,2 cm &#8211; L: 6,7 cm \u2013 XL: 7,1 cm<\/p>\n<p>To find your perfect size, we recommend checking our size guide section<\/p>","protected":false},"excerpt":{"rendered":"<p>-Realizadas de forma artesanal. -Son pulseras rellenas de pan de oro y pl\u00e1stico por fuera. -Simbolizan la unidad y la buena suerte y el amor infinito. -Son flexibles y se pueden mojar (100% Waterproof) -Se aconseja llevarlas en n\u00famero impar. -Comb\u00ednalas con otros colores y modelos y cambia tu look cambiando de pulsera. -Tallas y medidas aproximadas (di\u00e1metro interior): XS: 5,2 cm &#8211; S: 5,7 cm &#8211; M: 6,2 cm &#8211; L: 6,7 cm \u2013 XL: 7,1 cm Para poder encontrar tu talla aconsejamos que mires en nuestro apartado de gu\u00eda de tallas.<\/p>","protected":false},"featured_media":22332,"comment_status":"open","ping_status":"closed","template":"","meta":[],"product_brand":[],"product_cat":[23],"product_tag":[],"class_list":{"0":"post-22388","1":"product","2":"type-product","3":"status-publish","4":"has-post-thumbnail","6":"product_cat-pack-6-lisas-y-1-trenzada","8":"first","9":"instock","10":"shipping-taxable","11":"purchasable","12":"product-type-variable"},"_links":{"self":[{"href":"https:\/\/jewelscentury21.com\/en\/wp-json\/wp\/v2\/product\/22388","targetHints":{"allow":["GET"]}}],"collection":[{"href":"https:\/\/jewelscentury21.com\/en\/wp-json\/wp\/v2\/product"}],"about":[{"href":"https:\/\/jewelscentury21.com\/en\/wp-json\/wp\/v2\/types\/product"}],"replies":[{"embeddable":true,"href":"https:\/\/jewelscentury21.com\/en\/wp-json\/wp\/v2\/comments?post=22388"}],"version-history":[{"count":3,"href":"https:\/\/jewelscentury21.com\/en\/wp-json\/wp\/v2\/product\/22388\/revisions"}],"predecessor-version":[{"id":23916,"href":"https:\/\/jewelscentury21.com\/en\/wp-json\/wp\/v2\/product\/22388\/revisions\/23916"}],"wp:featuredmedia":[{"embeddable":true,"href":"https:\/\/jewelscentury21.com\/en\/wp-json\/wp\/v2\/media\/22332"}],"wp:attachment":[{"href":"https:\/\/jewelscentury21.com\/en\/wp-json\/wp\/v2\/media?parent=22388"}],"wp:term":[{"taxonomy":"product_brand","embeddable":true,"href":"https:\/\/jewelscentury21.com\/en\/wp-json\/wp\/v2\/product_brand?post=22388"},{"taxonomy":"product_cat","embeddable":true,"href":"https:\/\/jewelscentury21.com\/en\/wp-json\/wp\/v2\/product_cat?post=22388"},{"taxonomy":"product_tag","embeddable":true,"href":"https:\/\/jewelscentury21.com\/en\/wp-json\/wp\/v2\/product_tag?post=22388"}],"curies":[{"name":"wp","href":"https:\/\/api.w.org\/{rel}","templated":true}]}}