{"id":330,"date":"2021-11-26T09:40:31","date_gmt":"2021-11-26T09:40:31","guid":{"rendered":""},"modified":"2025-03-14T08:35:50","modified_gmt":"2025-03-14T07:35:50","slug":"historia","status":"publish","type":"page","link":"https:\/\/jewelscentury21.com\/en\/historia\/","title":{"rendered":"History"},"content":{"rendered":"<div data-elementor-type=\"wp-page\" data-elementor-id=\"330\" class=\"elementor elementor-330\" data-elementor-post-type=\"page\">\n\t\t\t\t\t\t<section class=\"elementor-section elementor-top-section elementor-element elementor-element-8900df8 elementor-section-boxed elementor-section-gap-beside-yes elementor-section-height-default elementor-section-height-default elementor-section-content-align-center elementor-section-column-vertical-align-stretch\" data-id=\"8900df8\" data-element_type=\"section\" data-e-type=\"section\">\n\t\t\t\t\t\t<div class=\"elementor-container elementor-column-gap-extended\">\n\t\t\t\t\t<div class=\"elementor-column elementor-col-100 elementor-top-column elementor-element elementor-element-54f8b0d\" data-id=\"54f8b0d\" data-element_type=\"column\" data-e-type=\"column\">\n\t\t\t<div class=\"elementor-widget-wrap elementor-element-populated\">\n\t\t\t\t\t\t<div class=\"elementor-element elementor-element-12992aa elementor-widget elementor-widget-tm-heading\" data-id=\"12992aa\" data-element_type=\"widget\" data-e-type=\"widget\" data-widget_type=\"tm-heading.default\">\n\t\t\t\t<div class=\"elementor-widget-container\">\n\t\t\t\t\t\t\t<div class=\"tm-modern-heading tm-modern-heading--style-01 tm-modern-heading--highlight-style-01\">\n\t\t\t\n\t\t\t\t\t<div class=\"heading-primary-wrap\">\n\t\t\t<h2 class=\"heading-primary elementor-heading-title\">History<\/h2>\t\t<\/div>\n\t\t\n\t\t\t\n\t\t\t\t\t<div class=\"heading-description-wrap\">\n\t\t\t<div class=\"heading-description\">\n\t\t\t\t<p>Legend says that if someone gives you gold leaf bracelets it means they are wishing you good luck. If they come from JewelsCentury21, you\u2019re receiving the true Buddhist bracelets, the authentic and original ones.<br \/>Our gold leaf bracelets are sealed with a copper connector, engraved with a mantra: \u0e42\u0e0a\u0e04 \u0e14\u0e35 \u0e40\u0e21\u0e15\u0e15\u0e32 \u0e2a \u0e02\u0e38 \u0e07\u0e31 (luck and love). Behind each bracelet is hidden a beautiful story, pure craftsmanship created by the hands of Buddhist monks, who offered them as a gift to anyone who had made donations or contributions to their temples, wishing love and good luck. <br \/>It\u2019s recommended to wear them in odd numbers to enhance their effect, and there\u2019s just something about these bracelets that makes you want to collect more colors and mix them into your daily moments.<\/p>\t\t\t<\/div>\n\t\t<\/div>\n\t\t\t\t<\/div>\n\t\t\t\t\t\t<\/div>\n\t\t\t\t<\/div>\n\t\t\t\t<div class=\"elementor-element elementor-element-1c5418c elementor-align-center elementor-widget elementor-widget-tm-button\" data-id=\"1c5418c\" data-element_type=\"widget\" data-e-type=\"widget\" data-widget_type=\"tm-button.default\">\n\t\t\t\t<div class=\"elementor-widget-container\">\n\t\t\t\t\t\t\t<a href=\"https:\/\/jewelscentury21.com\/en\/shop\/\" class=\"tm-button-link tm-button style-flat tm-button-nm\" role=\"button\">\n\n\t\t\t\t\t<div class=\"button-content-wrapper\">\n\t\t\t\n\t\t\t\t\t<div class=\"button-text\">\n\t\t\t\n\t\t\tBuy now\n\t\t\t\n\t\t\t\t\t<\/div>\n\t\t\n\t\t\t\t\t<\/div>\n\t\t\n\t\t\t\t\t<\/a>\n\t\t\t\t\t\t<\/div>\n\t\t\t\t<\/div>\n\t\t\t\t\t<\/div>\n\t\t<\/div>\n\t\t\t\t\t<\/div>\n\t\t<\/section>\n\t\t\t\t<\/div>","protected":false},"excerpt":{"rendered":"<p>Historia Dice la historia que si alguien te regala las pulseras pan de oro, significa que te est\u00e1 regalando buena suerte. Si son las de JewelsCentury21 , te est\u00e1n regalando los verdaderos brazaletes budistas, los aut\u00e9nticos y originales.Las pulseras de pan de oro est\u00e1n selladas con un conector de cobre, grabado con un mantra: \u0e42\u0e0a\u0e04 \u0e14\u0e35 \u0e40\u0e21\u0e15\u0e15\u0e32 \u0e2a \u0e02\u0e38 \u0e07\u0e31 (suerte y amor), detr\u00e1s de cada pulsera esconde una historia preciosa, pura artesan\u00eda de la mano de los monjes budistas, las regalaban como ofrenda a todo aqu\u00e9l que hab\u00eda hecho donaciones o contribuciones a sus templos, deseando as\u00ed amor y buen suerte. Se recomienda llevarlas en impar para potenciar su efecto y algo tienen que cuando tienes deseas ir completando con m\u00e1s colores o colecciones para combinarlas en tus momentos diarios. Comprar ahora<\/p>","protected":false},"author":1,"featured_media":0,"parent":0,"menu_order":0,"comment_status":"closed","ping_status":"closed","template":"","meta":{"footnotes":""},"class_list":["post-330","page","type-page","status-publish","hentry","post-no-thumbnail"],"_links":{"self":[{"href":"https:\/\/jewelscentury21.com\/en\/wp-json\/wp\/v2\/pages\/330","targetHints":{"allow":["GET"]}}],"collection":[{"href":"https:\/\/jewelscentury21.com\/en\/wp-json\/wp\/v2\/pages"}],"about":[{"href":"https:\/\/jewelscentury21.com\/en\/wp-json\/wp\/v2\/types\/page"}],"author":[{"embeddable":true,"href":"https:\/\/jewelscentury21.com\/en\/wp-json\/wp\/v2\/users\/1"}],"replies":[{"embeddable":true,"href":"https:\/\/jewelscentury21.com\/en\/wp-json\/wp\/v2\/comments?post=330"}],"version-history":[{"count":90,"href":"https:\/\/jewelscentury21.com\/en\/wp-json\/wp\/v2\/pages\/330\/revisions"}],"predecessor-version":[{"id":26508,"href":"https:\/\/jewelscentury21.com\/en\/wp-json\/wp\/v2\/pages\/330\/revisions\/26508"}],"wp:attachment":[{"href":"https:\/\/jewelscentury21.com\/en\/wp-json\/wp\/v2\/media?parent=330"}],"curies":[{"name":"wp","href":"https:\/\/api.w.org\/{rel}","templated":true}]}}