{"id":22843,"date":"2024-06-20T08:11:39","date_gmt":"2024-06-20T06:11:39","guid":{"rendered":"https:\/\/jewelscentury21.com\/?page_id=22843"},"modified":"2025-10-09T14:00:20","modified_gmt":"2025-10-09T12:00:20","slug":"detalles","status":"publish","type":"page","link":"https:\/\/jewelscentury21.com\/en\/detalles\/","title":{"rendered":"Event Details"},"content":{"rendered":"<div data-elementor-type=\"wp-page\" data-elementor-id=\"22843\" class=\"elementor elementor-22843\" data-elementor-post-type=\"page\">\n\t\t\t\t\t\t<section class=\"elementor-section elementor-top-section elementor-element elementor-element-458a91c elementor-section-full_width elementor-section-gap-beside-yes elementor-section-height-default elementor-section-height-default elementor-section-column-vertical-align-stretch\" data-id=\"458a91c\" data-element_type=\"section\" data-e-type=\"section\" data-settings=\"{&quot;background_background&quot;:&quot;classic&quot;}\">\n\t\t\t\t\t\t\t<div class=\"elementor-background-overlay\"><\/div>\n\t\t\t\t\t\t\t<div class=\"elementor-container elementor-column-gap-extended\">\n\t\t\t\t\t<div class=\"elementor-column elementor-col-100 elementor-top-column elementor-element elementor-element-1717d75\" data-id=\"1717d75\" data-element_type=\"column\" data-e-type=\"column\">\n\t\t\t<div class=\"elementor-widget-wrap elementor-element-populated\">\n\t\t\t\t\t\t<div class=\"elementor-element elementor-element-b8b43d4 elementor-widget elementor-widget-heading\" data-id=\"b8b43d4\" data-element_type=\"widget\" data-e-type=\"widget\" data-widget_type=\"heading.default\">\n\t\t\t\t<div class=\"elementor-widget-container\">\n\t\t\t\t\t<h2 class=\"elementor-heading-title elementor-size-default\">Event Details<\/h2>\t\t\t\t<\/div>\n\t\t\t\t<\/div>\n\t\t\t\t<div class=\"elementor-element elementor-element-5343a1c elementor-widget elementor-widget-text-editor\" data-id=\"5343a1c\" data-element_type=\"widget\" data-e-type=\"widget\" data-widget_type=\"text-editor.default\">\n\t\t\t\t<div class=\"elementor-widget-container\">\n\t\t\t\t\t\t\t\t\t<section id=\"shopify-section-template--20224695402821__eba8d1eb-d3bd-4459-8e49-6263948bc1f1\" class=\"shopify-section section\"><div id=\"Banner-template--20224695402821__eba8d1eb-d3bd-4459-8e49-6263948bc1f1\" class=\"banner banner--content-align-center banner--content-align-mobile-center banner--medium banner--mobile-bottom banner--desktop-transparent scroll-trigger animate--fade-in\"><div class=\"banner__content banner__content--middle-center page-width scroll-trigger animate--slide-in\"><div class=\"banner__box content-container content-container--full-width-mobile color-inverse gradient\"><div class=\"banner__text rte subtitle\"><p>Perfect gifts for events, corporate dinners, and more.<\/p><\/div><\/div><\/div><\/div><\/section>\t\t\t\t\t\t\t\t<\/div>\n\t\t\t\t<\/div>\n\t\t\t\t\t<\/div>\n\t\t<\/div>\n\t\t\t\t\t<\/div>\n\t\t<\/section>\n\t\t\t\t<section class=\"elementor-section elementor-top-section elementor-element elementor-element-40357a3 elementor-section-full_width elementor-section-gap-beside-yes elementor-section-height-default elementor-section-height-default elementor-section-column-vertical-align-stretch\" data-id=\"40357a3\" data-element_type=\"section\" data-e-type=\"section\">\n\t\t\t\t\t\t<div class=\"elementor-container elementor-column-gap-extended\">\n\t\t\t\t\t<div class=\"elementor-column elementor-col-100 elementor-top-column elementor-element elementor-element-9c434d6\" data-id=\"9c434d6\" data-element_type=\"column\" data-e-type=\"column\">\n\t\t\t<div class=\"elementor-widget-wrap elementor-element-populated\">\n\t\t\t\t\t\t<section class=\"elementor-section elementor-inner-section elementor-element elementor-element-507f7df elementor-section-boxed elementor-section-gap-beside-yes elementor-section-height-default elementor-section-height-default elementor-section-content-align-center elementor-section-column-vertical-align-stretch\" data-id=\"507f7df\" data-element_type=\"section\" data-e-type=\"section\">\n\t\t\t\t\t\t<div class=\"elementor-container elementor-column-gap-extended\">\n\t\t\t\t\t<div class=\"elementor-column elementor-col-100 elementor-inner-column elementor-element elementor-element-c287982\" data-id=\"c287982\" data-element_type=\"column\" data-e-type=\"column\">\n\t\t\t<div class=\"elementor-widget-wrap elementor-element-populated\">\n\t\t\t\t\t\t<div class=\"elementor-element elementor-element-fc93c06 elementor-widget elementor-widget-text-editor\" data-id=\"fc93c06\" data-element_type=\"widget\" data-e-type=\"widget\" data-widget_type=\"text-editor.default\">\n\t\t\t\t<div class=\"elementor-widget-container\">\n\t\t\t\t\t\t\t\t\t<p>Strengthen the bond between your company and your clients with our elegant jewelry gifts. Our authentic gold leaf bracelets are a perfect token of appreciation.<\/p>\t\t\t\t\t\t\t\t<\/div>\n\t\t\t\t<\/div>\n\t\t\t\t<div class=\"elementor-element elementor-element-7ea281f elementor-align-center elementor-widget elementor-widget-tm-button\" data-id=\"7ea281f\" data-element_type=\"widget\" data-e-type=\"widget\" data-widget_type=\"tm-button.default\">\n\t\t\t\t<div class=\"elementor-widget-container\">\n\t\t\t\t\t\t\t<a href=\"mailto:soporte@jewelscentury21\" target=\"_blank\" class=\"tm-button-link tm-button style-flat tm-button-nm\" role=\"button\">\n\n\t\t\t\t\t<div class=\"button-content-wrapper\">\n\t\t\t\n\t\t\t\t\t<div class=\"button-text\">\n\t\t\t\n\t\t\tContact us by email soporte@jewelscentury21.com\n\t\t\t\n\t\t\t\t\t<\/div>\n\t\t\n\t\t\t\t\t<\/div>\n\t\t\n\t\t\t\t\t<\/a>\n\t\t\t\t\t\t<\/div>\n\t\t\t\t<\/div>\n\t\t\t\t\t<\/div>\n\t\t<\/div>\n\t\t\t\t\t<\/div>\n\t\t<\/section>\n\t\t\t\t<div class=\"elementor-element elementor-element-489dbb9 minimog-animation-zoom-in elementor-widget elementor-widget-tm-image-gallery\" data-id=\"489dbb9\" data-element_type=\"widget\" data-e-type=\"widget\" data-widget_type=\"tm-image-gallery.default\">\n\t\t\t\t<div class=\"elementor-widget-container\">\n\t\t\t\t\t\t\t<div class=\"minimog-grid-wrapper minimog-light-gallery\" data-grid=\"{&quot;type&quot;:&quot;grid&quot;,&quot;columns&quot;:3,&quot;columnsMobileExtra&quot;:2,&quot;gutter&quot;:30,&quot;gutterMobileExtra&quot;:20,&quot;gutterMobile&quot;:20}\">\n\t\t\t<div class=\"minimog-grid lazy-grid\">\n\t\t\t\t<div class=\"grid-sizer\"><\/div>\n\n\t\t\t\t\t\t\t\t\t\t\t\t<div class=\"grid-item\">\n\t\t\t\t\t\t<a class=\"minimog-box zoom\" href=\"https:\/\/jewelscentury21.com\/wp-content\/uploads\/2024\/06\/IMG_0217-1.jpg\" data-sub-html=\"&lt;h4&gt;IMG_0217&lt;\/h4&gt;\">\t\t<div class=\"minimog-image image\">\n\t\t\t<m-image class=\"minimog-lazy-image\" style=\"--lazy-image-width: 600px;--lazy-image-height: 100%;\" data-image-loading><img loading=\"lazy\" decoding=\"async\"  src=\"https:\/\/jewelscentury21.com\/wp-content\/uploads\/2024\/06\/IMG_0217-1-600x600.jpg\" width=\"600\" height=\"600\" alt=\"IMG_0217\" class=\"attachment-600x600 size-600x600\" \/><\/m-image>\t\t<\/div>\n\t\t\t\t\t<div class=\"minimog-overlay\">\n\t\t\t\t<div><span class=\"fal fa-plus\"><\/span><\/div>\n\t\t\t<\/div>\n\t\t\t\t<\/a>\t\t\t\t\t<\/div>\n\t\t\t\t\t\t<div class=\"grid-item\">\n\t\t\t\t\t\t<a class=\"minimog-box zoom\" href=\"https:\/\/jewelscentury21.com\/wp-content\/uploads\/2024\/06\/image00046.jpeg\" data-sub-html=\"&lt;h4&gt;image00046&lt;\/h4&gt;\">\t\t<div class=\"minimog-image image\">\n\t\t\t<m-image class=\"minimog-lazy-image\" style=\"--lazy-image-width: 600px;--lazy-image-height: 100%;\" data-image-loading><img loading=\"lazy\" decoding=\"async\"  src=\"https:\/\/jewelscentury21.com\/wp-content\/uploads\/2024\/06\/image00046-600x600.jpeg\" width=\"600\" height=\"600\" alt=\"image00046\" class=\"attachment-600x600 size-600x600\" \/><\/m-image>\t\t<\/div>\n\t\t\t\t\t<div class=\"minimog-overlay\">\n\t\t\t\t<div><span class=\"fal fa-plus\"><\/span><\/div>\n\t\t\t<\/div>\n\t\t\t\t<\/a>\t\t\t\t\t<\/div>\n\t\t\t\t\t\t<div class=\"grid-item\">\n\t\t\t\t\t\t<a class=\"minimog-box zoom\" href=\"https:\/\/jewelscentury21.com\/wp-content\/uploads\/2025\/06\/WhatsApp-Image-2025-06-19-at-18.01.09.jpeg\" data-sub-html=\"&lt;h4&gt;WhatsApp Image 2025-06-19 at 18.01.09&lt;\/h4&gt;\">\t\t<div class=\"minimog-image image\">\n\t\t\t<m-image class=\"minimog-lazy-image\" style=\"--lazy-image-width: 600px;--lazy-image-height: 100%;\" data-image-loading><img loading=\"lazy\" decoding=\"async\"  src=\"https:\/\/jewelscentury21.com\/wp-content\/uploads\/2025\/06\/WhatsApp-Image-2025-06-19-at-18.01.09-600x600.jpeg\" width=\"600\" height=\"600\" alt=\"WhatsApp Image 2025-06-19 at 18.01.09\" class=\"attachment-600x600 size-600x600\" \/><\/m-image>\t\t<\/div>\n\t\t\t\t\t<div class=\"minimog-overlay\">\n\t\t\t\t<div><span class=\"fal fa-plus\"><\/span><\/div>\n\t\t\t<\/div>\n\t\t\t\t<\/a>\t\t\t\t\t<\/div>\n\t\t\t\t\t\t<div class=\"grid-item\">\n\t\t\t\t\t\t<a class=\"minimog-box zoom\" href=\"https:\/\/jewelscentury21.com\/wp-content\/uploads\/2025\/10\/WhatsApp-Image-2024-11-27-at-16.03.59.jpeg\" data-sub-html=\"&lt;h4&gt;WhatsApp-Image-2024-11-27-at-16.03.59&lt;\/h4&gt;\">\t\t<div class=\"minimog-image image\">\n\t\t\t<m-image class=\"minimog-lazy-image\" style=\"--lazy-image-width: 600px;--lazy-image-height: 100%;\" data-image-loading><img loading=\"lazy\" decoding=\"async\"  src=\"https:\/\/jewelscentury21.com\/wp-content\/uploads\/2025\/10\/WhatsApp-Image-2024-11-27-at-16.03.59-600x600.jpeg\" width=\"600\" height=\"600\" alt=\"WhatsApp-Image-2024-11-27-at-16.03.59\" class=\"attachment-600x600 size-600x600\" \/><\/m-image>\t\t<\/div>\n\t\t\t\t\t<div class=\"minimog-overlay\">\n\t\t\t\t<div><span class=\"fal fa-plus\"><\/span><\/div>\n\t\t\t<\/div>\n\t\t\t\t<\/a>\t\t\t\t\t<\/div>\n\t\t\t\t\t\t<div class=\"grid-item\">\n\t\t\t\t\t\t<a class=\"minimog-box zoom\" href=\"https:\/\/jewelscentury21.com\/wp-content\/uploads\/2024\/06\/DETALLESEMPRESA_1.jpg\" data-sub-html=\"&lt;h4&gt;DETALLESEMPRESA_1&lt;\/h4&gt;\">\t\t<div class=\"minimog-image image\">\n\t\t\t<m-image class=\"minimog-lazy-image\" style=\"--lazy-image-width: 600px;--lazy-image-height: 100%;\" data-image-loading><img loading=\"lazy\" decoding=\"async\"  src=\"https:\/\/jewelscentury21.com\/wp-content\/uploads\/2024\/06\/DETALLESEMPRESA_1-600x600.jpg\" width=\"600\" height=\"600\" alt=\"DETALLESEMPRESA_1\" class=\"attachment-600x600 size-600x600\" \/><\/m-image>\t\t<\/div>\n\t\t\t\t\t<div class=\"minimog-overlay\">\n\t\t\t\t<div><span class=\"fal fa-plus\"><\/span><\/div>\n\t\t\t<\/div>\n\t\t\t\t<\/a>\t\t\t\t\t<\/div>\n\t\t\t\t\t\t<div class=\"grid-item\">\n\t\t\t\t\t\t<a class=\"minimog-box zoom\" href=\"https:\/\/jewelscentury21.com\/wp-content\/uploads\/2024\/06\/IMG_9810-rotated.jpg\" data-sub-html=\"&lt;h4&gt;IMG_9810&lt;\/h4&gt;\">\t\t<div class=\"minimog-image image\">\n\t\t\t<m-image class=\"minimog-lazy-image\" style=\"--lazy-image-width: 600px;--lazy-image-height: 100%;\" data-image-loading><img loading=\"lazy\" decoding=\"async\"  src=\"https:\/\/jewelscentury21.com\/wp-content\/uploads\/2024\/06\/IMG_9810-rotated-600x600.jpg\" width=\"600\" height=\"600\" alt=\"IMG_9810\" class=\"attachment-600x600 size-600x600\" \/><\/m-image>\t\t<\/div>\n\t\t\t\t\t<div class=\"minimog-overlay\">\n\t\t\t\t<div><span class=\"fal fa-plus\"><\/span><\/div>\n\t\t\t<\/div>\n\t\t\t\t<\/a>\t\t\t\t\t<\/div>\n\t\t\t\t\t\t<div class=\"grid-item\">\n\t\t\t\t\t\t<a class=\"minimog-box zoom\" href=\"https:\/\/jewelscentury21.com\/wp-content\/uploads\/2024\/06\/IMG_7261.jpg\" data-sub-html=\"&lt;h4&gt;IMG_7261&lt;\/h4&gt;\">\t\t<div class=\"minimog-image image\">\n\t\t\t<m-image class=\"minimog-lazy-image\" style=\"--lazy-image-width: 600px;--lazy-image-height: 100%;\" data-image-loading><img loading=\"lazy\" decoding=\"async\"  src=\"https:\/\/jewelscentury21.com\/wp-content\/uploads\/2024\/06\/IMG_7261-600x600.jpg\" width=\"600\" height=\"600\" alt=\"IMG_7261\" class=\"attachment-600x600 size-600x600\" \/><\/m-image>\t\t<\/div>\n\t\t\t\t\t<div class=\"minimog-overlay\">\n\t\t\t\t<div><span class=\"fal fa-plus\"><\/span><\/div>\n\t\t\t<\/div>\n\t\t\t\t<\/a>\t\t\t\t\t<\/div>\n\t\t\t\t\t\t<div class=\"grid-item\">\n\t\t\t\t\t\t<a class=\"minimog-box zoom\" href=\"https:\/\/jewelscentury21.com\/wp-content\/uploads\/2024\/06\/IMG_0254.jpg\" data-sub-html=\"&lt;h4&gt;IMG_0254&lt;\/h4&gt;\">\t\t<div class=\"minimog-image image\">\n\t\t\t<m-image class=\"minimog-lazy-image\" style=\"--lazy-image-width: 600px;--lazy-image-height: 100%;\" data-image-loading><img loading=\"lazy\" decoding=\"async\"  src=\"https:\/\/jewelscentury21.com\/wp-content\/uploads\/2024\/06\/IMG_0254-600x600.jpg\" width=\"600\" height=\"600\" alt=\"IMG_0254\" class=\"attachment-600x600 size-600x600\" \/><\/m-image>\t\t<\/div>\n\t\t\t\t\t<div class=\"minimog-overlay\">\n\t\t\t\t<div><span class=\"fal fa-plus\"><\/span><\/div>\n\t\t\t<\/div>\n\t\t\t\t<\/a>\t\t\t\t\t<\/div>\n\t\t\t\t\t\t<div class=\"grid-item\">\n\t\t\t\t\t\t<a class=\"minimog-box zoom\" href=\"https:\/\/jewelscentury21.com\/wp-content\/uploads\/2024\/06\/IMG_0244.jpg\" data-sub-html=\"&lt;h4&gt;IMG_0244&lt;\/h4&gt;\">\t\t<div class=\"minimog-image image\">\n\t\t\t<m-image class=\"minimog-lazy-image\" style=\"--lazy-image-width: 600px;--lazy-image-height: 100%;\" data-image-loading><img loading=\"lazy\" decoding=\"async\"  src=\"https:\/\/jewelscentury21.com\/wp-content\/uploads\/2024\/06\/IMG_0244-600x600.jpg\" width=\"600\" height=\"600\" alt=\"IMG_0244\" class=\"attachment-600x600 size-600x600\" \/><\/m-image>\t\t<\/div>\n\t\t\t\t\t<div class=\"minimog-overlay\">\n\t\t\t\t<div><span class=\"fal fa-plus\"><\/span><\/div>\n\t\t\t<\/div>\n\t\t\t\t<\/a>\t\t\t\t\t<\/div>\n\t\t\t\t\t\t\t\n\t\t\t<\/div>\n\t\t<\/div>\n\t\t\t\t\t\t<\/div>\n\t\t\t\t<\/div>\n\t\t\t\t\t<\/div>\n\t\t<\/div>\n\t\t\t\t\t<\/div>\n\t\t<\/section>\n\t\t\t\t<\/div>","protected":false},"excerpt":{"rendered":"<p>Detalles para eventos Regalos perfectos para eventos, cenas de empresa, etc. Fortalece el v\u00ednculo entre tu empresa y tus clientes con nuestros elegantes obsequios de joyer\u00eda. Nuestras aut\u00e9nticas pulseras Pan de Oro son la muestra perfecta de agradecimiento. Cont\u00e1ctanos a trav\u00e9s de nuestro email soporte@jewelscentury21<\/p>","protected":false},"author":1,"featured_media":0,"parent":0,"menu_order":0,"comment_status":"closed","ping_status":"closed","template":"","meta":{"footnotes":""},"class_list":["post-22843","page","type-page","status-publish","hentry","post-no-thumbnail"],"_links":{"self":[{"href":"https:\/\/jewelscentury21.com\/en\/wp-json\/wp\/v2\/pages\/22843","targetHints":{"allow":["GET"]}}],"collection":[{"href":"https:\/\/jewelscentury21.com\/en\/wp-json\/wp\/v2\/pages"}],"about":[{"href":"https:\/\/jewelscentury21.com\/en\/wp-json\/wp\/v2\/types\/page"}],"author":[{"embeddable":true,"href":"https:\/\/jewelscentury21.com\/en\/wp-json\/wp\/v2\/users\/1"}],"replies":[{"embeddable":true,"href":"https:\/\/jewelscentury21.com\/en\/wp-json\/wp\/v2\/comments?post=22843"}],"version-history":[{"count":42,"href":"https:\/\/jewelscentury21.com\/en\/wp-json\/wp\/v2\/pages\/22843\/revisions"}],"predecessor-version":[{"id":27875,"href":"https:\/\/jewelscentury21.com\/en\/wp-json\/wp\/v2\/pages\/22843\/revisions\/27875"}],"wp:attachment":[{"href":"https:\/\/jewelscentury21.com\/en\/wp-json\/wp\/v2\/media?parent=22843"}],"curies":[{"name":"wp","href":"https:\/\/api.w.org\/{rel}","templated":true}]}}