{"id":22214,"date":"2024-05-13T14:55:32","date_gmt":"2024-05-13T12:55:32","guid":{"rendered":"https:\/\/jewelscentury21.com\/?page_id=22214"},"modified":"2024-08-29T10:15:36","modified_gmt":"2024-08-29T08:15:36","slug":"cambios-y-devoluciones","status":"publish","type":"page","link":"https:\/\/jewelscentury21.com\/en\/cambios-y-devoluciones\/","title":{"rendered":"Exchanges and Returns"},"content":{"rendered":"<div data-elementor-type=\"wp-page\" data-elementor-id=\"22214\" class=\"elementor elementor-22214\" data-elementor-post-type=\"page\">\n\t\t\t\t\t\t<section class=\"elementor-section elementor-top-section elementor-element elementor-element-1a10d6a elementor-section-boxed elementor-section-gap-beside-yes elementor-section-height-default elementor-section-height-default elementor-section-column-vertical-align-stretch\" data-id=\"1a10d6a\" data-element_type=\"section\" data-e-type=\"section\">\n\t\t\t\t\t\t<div class=\"elementor-container elementor-column-gap-extended\">\n\t\t\t\t\t<div class=\"elementor-column elementor-col-100 elementor-top-column elementor-element elementor-element-d98514e\" data-id=\"d98514e\" data-element_type=\"column\" data-e-type=\"column\">\n\t\t\t<div class=\"elementor-widget-wrap elementor-element-populated\">\n\t\t\t\t\t\t<div class=\"elementor-element elementor-element-511ed12 elementor-widget elementor-widget-tm-heading\" data-id=\"511ed12\" data-element_type=\"widget\" data-e-type=\"widget\" data-widget_type=\"tm-heading.default\">\n\t\t\t\t<div class=\"elementor-widget-container\">\n\t\t\t\t\t\t\t<div class=\"tm-modern-heading tm-modern-heading--style-01 tm-modern-heading--highlight-style-01\">\n\t\t\t\n\t\t\t\n\t\t\t\n\t\t\t\t\t<div class=\"heading-description-wrap\">\n\t\t\t<div class=\"heading-description\">\n\t\t\t\t<p>Our goal is complete customer satisfaction. If for any reason you are not completely satisfied upon receiving your order, you have five business days from receipt to return or exchange it.<\/p><p><strong>For promotional items, no exchanges or returns are made.<\/strong><\/p><p><strong>Personalized orders such as initials, etc. cannot be returned.<\/strong><\/p><p>Returned items must be in perfect condition. Please include the order form with the return.<\/p><p>To make a change or return you must send an email to\u00a0<a title=\"mailto:info@jewelscentury21.com\" href=\"mailto:info@jewelscentury21.com\"><strong>info@jewelscentury21.com<\/strong><\/a>\u00a0stating the reasons and we will inform you of the procedure to follow.<\/p><p>Return shipping costs for product exchanges or returns are the customer&#039;s responsibility. We recommend sending your product via certified mail.<\/p><p>Once the refund is approved, you will receive the amount in the same way you made your purchase.<br \/>The company reserves the right to reject returns reported or sent outside the established deadline or items that are not in the same condition as when sent.<br \/>For any questions, please contact us by sending an email: <a title=\"mailto:info@jewelscentury21.com\" href=\"mailto:info@jewelscentury21.com\"><strong>info@jewelscentury21.com<\/strong><\/a><\/p>\t\t\t<\/div>\n\t\t<\/div>\n\t\t\t\t<\/div>\n\t\t\t\t\t\t<\/div>\n\t\t\t\t<\/div>\n\t\t\t\t\t<\/div>\n\t\t<\/div>\n\t\t\t\t\t<\/div>\n\t\t<\/section>\n\t\t\t\t<\/div>","protected":false},"excerpt":{"rendered":"<p>Nuestro objetivo es la plena satisfacci\u00f3n de nuestros clientes, es por ello que si por cualquier motivo no queda plenamente satisfecho al recibir su pedido, dispone de 5 d\u00edas h\u00e1biles desde su recepci\u00f3n para devolverlo o cambiarlo. Para los art\u00edculos en promoci\u00f3n no se realizan cambios ni devoluciones. Los pedidos personalizados como iniciales, etc..no se pueden devolver. Los art\u00edculos devueltos deber\u00e1n estar en perfecto estado. Rogamos adjuntar la hoja de pedido en la devoluci\u00f3n. Para realizar un cambio o devoluci\u00f3n deber\u00e1 enviar un correo electr\u00f3nico a\u00a0info@jewelscentury21.com\u00a0indicando los motivos y le informaremos del procedimiento a seguir. El importe de env\u00edo de devoluci\u00f3n por cambio de producto o por devoluci\u00f3n corre a cargo del cliente. Le recomendamos realizar el env\u00edo mediante correo certificado. Una vez aprobada la devoluci\u00f3n recibir\u00e1 el importe de la misma del mismo modo en el que realiz\u00f3 su compra.La empresa se reserva el derecho a rechazar devoluciones comunicadas o enviadas fuera del plazo fijado o prendas que no se encuentren en las mismas condiciones en que fueron enviadas.Para cualquier duda puede ponerse en contacto con nosotros enviando un correo electr\u00f3nico: info@jewelscentury21.com<\/p>","protected":false},"author":1,"featured_media":0,"parent":0,"menu_order":0,"comment_status":"closed","ping_status":"closed","template":"","meta":{"footnotes":""},"class_list":["post-22214","page","type-page","status-publish","hentry","post-no-thumbnail"],"_links":{"self":[{"href":"https:\/\/jewelscentury21.com\/en\/wp-json\/wp\/v2\/pages\/22214","targetHints":{"allow":["GET"]}}],"collection":[{"href":"https:\/\/jewelscentury21.com\/en\/wp-json\/wp\/v2\/pages"}],"about":[{"href":"https:\/\/jewelscentury21.com\/en\/wp-json\/wp\/v2\/types\/page"}],"author":[{"embeddable":true,"href":"https:\/\/jewelscentury21.com\/en\/wp-json\/wp\/v2\/users\/1"}],"replies":[{"embeddable":true,"href":"https:\/\/jewelscentury21.com\/en\/wp-json\/wp\/v2\/comments?post=22214"}],"version-history":[{"count":7,"href":"https:\/\/jewelscentury21.com\/en\/wp-json\/wp\/v2\/pages\/22214\/revisions"}],"predecessor-version":[{"id":23620,"href":"https:\/\/jewelscentury21.com\/en\/wp-json\/wp\/v2\/pages\/22214\/revisions\/23620"}],"wp:attachment":[{"href":"https:\/\/jewelscentury21.com\/en\/wp-json\/wp\/v2\/media?parent=22214"}],"curies":[{"name":"wp","href":"https:\/\/api.w.org\/{rel}","templated":true}]}}