{"id":22207,"date":"2024-05-13T14:53:41","date_gmt":"2024-05-13T12:53:41","guid":{"rendered":"https:\/\/jewelscentury21.com\/?page_id=22207"},"modified":"2024-05-13T14:54:08","modified_gmt":"2024-05-13T12:54:08","slug":"politica-de-cookies","status":"publish","type":"page","link":"https:\/\/jewelscentury21.com\/en\/politica-de-cookies\/","title":{"rendered":"Cookies Policy"},"content":{"rendered":"<div data-elementor-type=\"wp-page\" data-elementor-id=\"22207\" class=\"elementor elementor-22207\" data-elementor-post-type=\"page\">\n\t\t\t\t\t\t<section class=\"elementor-section elementor-top-section elementor-element elementor-element-ad11782 elementor-section-boxed elementor-section-gap-beside-yes elementor-section-height-default elementor-section-height-default elementor-section-column-vertical-align-stretch\" data-id=\"ad11782\" data-element_type=\"section\" data-e-type=\"section\">\n\t\t\t\t\t\t<div class=\"elementor-container elementor-column-gap-extended\">\n\t\t\t\t\t<div class=\"elementor-column elementor-col-100 elementor-top-column elementor-element elementor-element-4dca994\" data-id=\"4dca994\" data-element_type=\"column\" data-e-type=\"column\">\n\t\t\t<div class=\"elementor-widget-wrap elementor-element-populated\">\n\t\t\t\t\t\t<div class=\"elementor-element elementor-element-41dcbf4 elementor-widget elementor-widget-tm-heading\" data-id=\"41dcbf4\" data-element_type=\"widget\" data-e-type=\"widget\" data-widget_type=\"tm-heading.default\">\n\t\t\t\t<div class=\"elementor-widget-container\">\n\t\t\t\t\t\t\t<div class=\"tm-modern-heading tm-modern-heading--style-01 tm-modern-heading--highlight-style-01\">\n\t\t\t\n\t\t\t\n\t\t\t\n\t\t\t\t\t<div class=\"heading-description-wrap\">\n\t\t\t<div class=\"heading-description\">\n\t\t\t\t<p><strong>What are cookies?<\/strong><\/p><p>Cookies are small text files that are automatically inserted into the electronic devices used by the user when they visit the website. These downloaded files can store data that can be updated and retrieved by the entity responsible for their installation. These files allow us to understand your browsing behavior for statistical purposes, to improve the service, and adapt it to your preferences. Cookies are only associated with your browser and do not provide personal data. Cookies cannot harm your device and are also very useful, as they help identify and resolve errors.<\/p><p><strong>This website uses the following cookies:<\/strong><\/p><p><strong>Types of cookies according to the entity that manages them:<\/strong><\/p><ul><li><strong>Own cookies:\u00a0<\/strong>These cookies are set by the website visited by the user. The data collected through these cookies is used for purposes such as calculating page views, sessions, and the number of users.<\/li><\/ul><p><strong>Types of cookies according to their purpose:<\/strong><\/p><ul><li><strong>Technical\/necessary cookies<\/strong>These cookies allow the user to perform basic functions such as page navigation and accessing secure areas of the website. The website cannot function properly without these cookies, so their installation is mandatory.<\/li><li><strong>Analytical cookies<\/strong>These cookies, whether processed by us or by third parties, allow us to quantify the number of users and thus perform statistical measurements and analysis of how users use the service offered. To do this, we analyze your browsing habits on our website in order to improve the products and services we offer.<\/li><\/ul><p>If the User prevents the installation of these cookies, it is possible that not all functions of the website may be fully and unrestrictedly available.<\/p><p>The collection and storage of IP addresses and the data generated by cookies can be stopped at any time with effect for the future. You can find the necessary browser add-on here:\u00a0<a href=\"https:\/\/tools.google.com\/dlpage\/gaoptout?hl=es\" target=\"_blank\" rel=\"noopener\">https:\/\/tools.google.com\/dlpage\/gaoptout?hl=es<\/a><\/p><ul><li><strong>Personalization cookies<\/strong>: These are those that allow the user to access the service with some predefined general characteristics based on a series of criteria in the user&#039;s terminal, such as the language or the type of browser through which they connect to the service.<\/li><li><strong>Advertising cookies<\/strong>Cookies: These cookies, whether processed by this website or by third parties, allow us to manage the advertising space on the website as efficiently as possible, tailoring the content of the advertisement to the content of the requested service or to your use of our website. To do this, we may analyze your internet browsing habits and show you advertising related to your browsing profile.<\/li><li><strong>Behavioral advertising cookies<\/strong>These cookies allow for the most efficient management possible of advertising spaces that, where appropriate, the publisher has included on a website, application, or platform from which the requested service is provided. These types of cookies store information about visitor behavior obtained through continuous observation of their browsing habits. This allows for the development of a specific profile to display advertisements based on that behavior.<\/li><\/ul><p><strong>Below is a summary table of the cookies installed on our Website:<\/strong><\/p><p><strong>NamePurposeSupplierTypeDuration<\/strong>wc\u00ad_cart_\u00adhash\u00ad_#Necesariajewelscentury21.comHTMLPersistentwc_fragments_#Necesariajewelscentury21.comHTMLSession_fbpM\u00e1rketingjewelscentury21.comHTTP3 meses<\/p><p><strong>CONSENT<\/strong><\/p><p>You can give your consent by accepting the installation of cookies through the information banner displayed when you access our website, or by configuring cookies through the configuration panel.<\/p><p><strong>REVOCATION OF CONSENT<\/strong><\/p><p>In any case, we inform you that, since certain &#034;cookies&#034; are not necessary for the use of the Website, you may revoke your consent for their use at any time by rejecting their use in the configuration panel of this policy, or by blocking them through your browser settings (see more details below).<\/p><p>Most browsers allow you to be notified of the presence of cookies or automatically reject them. If you reject them, you may still use our Website, although your use of some of its services may be limited. However, please note that if you use your browser settings to block all storage technologies (including essential cookies), you may not be able to access all or part of our Website.<\/p><p>You can also delete cookies at any time through your browser settings.<\/p><p>For more information on how to manage cookies or how to withdraw your consent to their use, please refer to the relevant link:<\/p><p>Google Chrome:\u00a0<a href=\"https:\/\/support.google.com\/chrome\/answer\/95647?hl=es\" target=\"_blank\" rel=\"noopener\">https:\/\/support.google.com\/chrome\/answer\/95647?hl=es<\/a><\/p><p>Microsoft Edge:\u00a0<a href=\"https:\/\/support.microsoft.com\/es-es\/microsoft-edge\/eliminar-las-cookies-en-microsoft-edge-63947406-40ac-c3b8-57b9-2a946a29ae09\" target=\"_blank\" rel=\"noopener\">https:\/\/support.microsoft.com\/es-es\/microsoft-edge\/eliminar-las-cookies-en-microsoft-edge-63947406-40ac-c3b8-57b9-2a946a29ae09<\/a><\/p><p>Firefox:\u00a0<a href=\"https:\/\/support.mozilla.org\/es\/kb\/habilitar-y-deshabilitar-cookies-sitios-web-rastrear-preferencias?redirectslug=habilitar-y-deshabilitar-cookies-que-los-sitios-we&amp;redirectlocale=es\" target=\"_blank\" rel=\"noopener\">https:\/\/support.mozilla.org\/es\/kb\/habilitar-y-deshabilitar-cookies-sitios-web-rastrear-preferencias?redirectslug=habilitar-y-deshabilitar-cookies-que-los-sitios-we&amp;redirectlocale=es<\/a><\/p><p>Safari:\u00a0<a href=\"https:\/\/support.apple.com\/es-es\/guide\/safari\/sfri11471\/mac\" target=\"_blank\" rel=\"noopener\">https:\/\/support.apple.com\/es-es\/guide\/safari\/sfri11471\/mac<\/a><\/p><p>Opera:\u00a0<a href=\"https:\/\/help.opera.com\/en\/latest\/web-preferences\/#cookies\" target=\"_blank\" rel=\"noopener\">https:\/\/help.opera.com\/en\/latest\/web-preferences\/#cookies<\/a><\/p>\t\t\t<\/div>\n\t\t<\/div>\n\t\t\t\t<\/div>\n\t\t\t\t\t\t<\/div>\n\t\t\t\t<\/div>\n\t\t\t\t\t<\/div>\n\t\t<\/div>\n\t\t\t\t\t<\/div>\n\t\t<\/section>\n\t\t\t\t<\/div>","protected":false},"excerpt":{"rendered":"<p>\u00bfQu\u00e9 son las cookies? Las cookies son peque\u00f1os ficheros de texto, los cuales son insertados de forma autom\u00e1tica en aquellos dispositivos telem\u00e1ticos empleados por el usuario cuando efect\u00faa una visita al sitio web. Estos archivos que se descargan pueden almacenar datos que podr\u00e1n ser actualizados y recuperados por la entidad responsable de su instalaci\u00f3n. Estos archivos permiten conocer, con fines estad\u00edsticos, de mejora del servicio y adaptaci\u00f3n de \u00e9ste a sus preferencias, cu\u00e1l es su comportamiento al navegar por la web. Las cookies se asocian \u00fanicamente a su navegador y no proporcionan por s\u00ed mismas datos personales. Las cookies no pueden da\u00f1ar su dispositivo y adem\u00e1s son muy \u00fatiles, ya que ayudan a identificar y resolver errores. Este sitio Web utiliza las siguientes cookies: Tipos de cookies seg\u00fan la entidad que las gestiona: Cookies propias:\u00a0Son aquellas establecidas por el sitio web visitado por el usuario. Los datos que se recopilan mediante estas cookies se utilizan para fines como el c\u00e1lculo de p\u00e1ginas vistas, sesiones y n\u00famero de usuarios. Tipos de cookies seg\u00fan su finalidad: Cookies t\u00e9cnicas\/necesarias: Son aquellas que permiten al usuario realizar las funciones b\u00e1sicas como la navegaci\u00f3n en la p\u00e1gina y el acceso a \u00e1reas seguras de la p\u00e1gina web. La p\u00e1gina web no puede funcionar adecuadamente sin estas cookies, por lo que su instalaci\u00f3n es obligatoria. Cookies de an\u00e1lisis: Son aqu\u00e9llas que bien tratadas por nosotros o por terceros, nos permiten cuantificar el n\u00famero de usuarios y as\u00ed realizar la medici\u00f3n y an\u00e1lisis estad\u00edstico de la utilizaci\u00f3n que hacen los usuarios del servicio ofertado. Para ello se analiza su navegaci\u00f3n en nuestra p\u00e1gina web con el fin de mejorar la oferta de productos o servicios que le ofrecemos. En el supuesto en el que el Usuario impida la instalaci\u00f3n de estas cookies, es posible que no todas las funciones de la web puedan utilizarse de manera completa y sin limitaciones. El recabado y almacenamiento de la direcci\u00f3n IP y de los datos creados por las cookies pueden ser cancelados en cualquier momento con efectos en el futuro. Aqu\u00ed se puede encontrar el complemento del navegador necesario para ello:\u00a0https:\/\/tools.google.com\/dlpage\/gaoptout?hl=es Cookies de personalizaci\u00f3n: Son aquellas que permiten al usuario acceder al servicio con algunas caracter\u00edsticas de car\u00e1cter general predefinidas en funci\u00f3n de una serie de criterios en el terminal del usuario como por ejemplo serian el idioma o el tipo de navegador a trav\u00e9s del cual se conecta al servicio. Cookies publicitarias: Son aqu\u00e9llas que, bien tratadas por esta web o por terceros, permiten gestionar de la forma m\u00e1s eficaz posible la oferta de los espacios publicitarios que hay en la p\u00e1gina web, adecuando el contenido del anuncio al contenido del servicio solicitado o al uso que realice de nuestra p\u00e1gina web. Para ello podemos analizar sus h\u00e1bitos de navegaci\u00f3n en Internet y podemos mostrarle publicidad relacionada con su perfil de navegaci\u00f3n. Cookies de publicidad comportamental: Son aquellas que permiten la gesti\u00f3n, de la forma m\u00e1s eficaz posible, de los espacios publicitarios que, en su caso, el editor haya incluido en una p\u00e1gina web, aplicaci\u00f3n o plataforma desde la que presta el servicio solicitado. Este tipo de cookies almacenan informaci\u00f3n del comportamiento de los visitantes obtenida a trav\u00e9s de la observaci\u00f3n continuada de sus h\u00e1bitos de navegaci\u00f3n, lo que permite desarrollar un perfil espec\u00edfico para mostrar avisos publicitarios en funci\u00f3n del mismo. A continuaci\u00f3n, se muestra un cuadro resumen de las cookies instaladas en nuestro Sitio Web: NombreFinalidadProveedorTipoDuraci\u00f3nwc\u00ad_cart_\u00adhash\u00ad_#Necesariajewelscentury21.comHTMLPersistentwc_fragments_#Necesariajewelscentury21.comHTMLSession_fbpM\u00e1rketingjewelscentury21.comHTTP3 meses CONSENTIMIENTO Podr\u00e1 prestar su consentimiento mediante la aceptaci\u00f3n de la instalaci\u00f3n de cookies a trav\u00e9s del banner informativo que se le mostr\u00f3 al acceder a nuestro sitio web, o mediante la configuraci\u00f3n de las cookies a trav\u00e9s del panel de configuraci\u00f3n. REVOCACI\u00d3N DEL CONSENTIMIENTO En cualquier caso, le informamos de que, dado que determinadas \u201ccookies\u201d no son necesarias para el uso del Sitio Web, usted puede revocar su consentimiento para su uso en cualquier momento rechazando su utilizaci\u00f3n en el panel de configuraci\u00f3n de la presente pol\u00edtica, o bloque\u00e1ndolos a trav\u00e9s de la configuraci\u00f3n de su navegador (v\u00e9anse m\u00e1s detalles abajo). La pr\u00e1ctica mayor\u00eda de los navegadores permiten advertir de la presencia de \u201ccookies\u201d o rechazarlas autom\u00e1ticamente. Si las rechaza, podr\u00e1 seguir usando nuestro Sitio Web, aunque el uso de algunos de sus servicios podr\u00e1 ser limitado. No obstante, es preciso se\u00f1alar que si usa las configuraciones de su navegador para bloquear todas las tecnolog\u00edas de almacenamiento (incluidas \u201ccookies\u201d fundamentales) puede que no tenga acceso a la totalidad o parte de nuestro Sitio Web. Tambi\u00e9n podr\u00e1 suprimir \u201ccookies\u201d en cualquier momento mediante las configuraciones de navegaci\u00f3n de su navegador. Para m\u00e1s informaci\u00f3n sobre la forma de gestionar las \u201ccookies\u201d o de revocar el consentimiento para el uso de las mismas, le remitimos al enlace pertinente: Google Chrome:\u00a0https:\/\/support.google.com\/chrome\/answer\/95647?hl=es Microsoft Edge:\u00a0https:\/\/support.microsoft.com\/es-es\/microsoft-edge\/eliminar-las-cookies-en-microsoft-edge-63947406-40ac-c3b8-57b9-2a946a29ae09 Firefox:\u00a0https:\/\/support.mozilla.org\/es\/kb\/habilitar-y-deshabilitar-cookies-sitios-web-rastrear-preferencias?redirectslug=habilitar-y-deshabilitar-cookies-que-los-sitios-we&amp;redirectlocale=es Safari:\u00a0https:\/\/support.apple.com\/es-es\/guide\/safari\/sfri11471\/mac Opera:\u00a0https:\/\/help.opera.com\/en\/latest\/web-preferences\/#cookies<\/p>","protected":false},"author":1,"featured_media":0,"parent":0,"menu_order":0,"comment_status":"closed","ping_status":"closed","template":"","meta":{"footnotes":""},"class_list":["post-22207","page","type-page","status-publish","hentry","post-no-thumbnail"],"_links":{"self":[{"href":"https:\/\/jewelscentury21.com\/en\/wp-json\/wp\/v2\/pages\/22207","targetHints":{"allow":["GET"]}}],"collection":[{"href":"https:\/\/jewelscentury21.com\/en\/wp-json\/wp\/v2\/pages"}],"about":[{"href":"https:\/\/jewelscentury21.com\/en\/wp-json\/wp\/v2\/types\/page"}],"author":[{"embeddable":true,"href":"https:\/\/jewelscentury21.com\/en\/wp-json\/wp\/v2\/users\/1"}],"replies":[{"embeddable":true,"href":"https:\/\/jewelscentury21.com\/en\/wp-json\/wp\/v2\/comments?post=22207"}],"version-history":[{"count":4,"href":"https:\/\/jewelscentury21.com\/en\/wp-json\/wp\/v2\/pages\/22207\/revisions"}],"predecessor-version":[{"id":22211,"href":"https:\/\/jewelscentury21.com\/en\/wp-json\/wp\/v2\/pages\/22207\/revisions\/22211"}],"wp:attachment":[{"href":"https:\/\/jewelscentury21.com\/en\/wp-json\/wp\/v2\/media?parent=22207"}],"curies":[{"name":"wp","href":"https:\/\/api.w.org\/{rel}","templated":true}]}}