{"id":22197,"date":"2024-05-13T14:51:24","date_gmt":"2024-05-13T12:51:24","guid":{"rendered":"https:\/\/jewelscentury21.com\/?page_id=22197"},"modified":"2024-05-13T14:51:55","modified_gmt":"2024-05-13T12:51:55","slug":"politica-de-privacidad","status":"publish","type":"page","link":"https:\/\/jewelscentury21.com\/en\/politica-de-privacidad\/","title":{"rendered":"Privacy Policy"},"content":{"rendered":"<div data-elementor-type=\"wp-page\" data-elementor-id=\"22197\" class=\"elementor elementor-22197\" data-elementor-post-type=\"page\">\n\t\t\t\t\t\t<section class=\"elementor-section elementor-top-section elementor-element elementor-element-a05d2a5 elementor-section-boxed elementor-section-gap-beside-yes elementor-section-height-default elementor-section-height-default elementor-section-column-vertical-align-stretch\" data-id=\"a05d2a5\" data-element_type=\"section\" data-e-type=\"section\">\n\t\t\t\t\t\t<div class=\"elementor-container elementor-column-gap-extended\">\n\t\t\t\t\t<div class=\"elementor-column elementor-col-100 elementor-top-column elementor-element elementor-element-ba06161\" data-id=\"ba06161\" data-element_type=\"column\" data-e-type=\"column\">\n\t\t\t<div class=\"elementor-widget-wrap elementor-element-populated\">\n\t\t\t\t\t\t<div class=\"elementor-element elementor-element-8f59532 elementor-widget elementor-widget-tm-heading\" data-id=\"8f59532\" data-element_type=\"widget\" data-e-type=\"widget\" data-widget_type=\"tm-heading.default\">\n\t\t\t\t<div class=\"elementor-widget-container\">\n\t\t\t\t\t\t\t<div class=\"tm-modern-heading tm-modern-heading--style-01 tm-modern-heading--highlight-style-01\">\n\t\t\t\n\t\t\t\n\t\t\t\n\t\t\t\t\t<div class=\"heading-description-wrap\">\n\t\t\t<div class=\"heading-description\">\n\t\t\t\t<ol><li><p><strong>Who ARE WE?<\/strong><\/p><p>BE THE REFERENCE SLU (CIF: B44598399)<\/p><ul><li>Postal address: C\/ Tirso de Molina n. 36, Cornell\u00e0 de Llobregat (CP: 08940, Barcelona).<\/li><li>Contact information:<\/li><li>E-mail:\u00a0\u00a0<a title=\"mailto:info@jewelscentury21.com\" href=\"mailto:info@jewelscentury21.com\">info@jewelscentury21.com<\/a><\/li><li>Telephone: (+34) 616 169 913.<\/li><\/ul><p><strong>What data do we process and for what purpose do we process your personal data?<\/strong><\/p><p>Depending on the products, services, or features you wish to enjoy at any given time, we will need to process certain data, which will generally be, as appropriate, the following:<\/p><p>\u25aa your identifying data (for example, your name, surname, image, language and country from which you interact with us, contact information, etc.);<\/p><p>\u25aa Economic and transactional information (for example, your payment or card details, information about your purchases, orders, returns, etc.);<\/p><p>\u25aa Commercial information (for example, if you are subscribed to our newsletter),<\/p><p>\u25aa data about your tastes and preferences.<\/p><p>Remember that when we ask you to provide your personal information to access a feature or service on our website, we will mark some fields as mandatory, as this information is required to provide you with the service or give you access to the feature in question. Please note that if you choose not to provide this information, you may not be able to complete your user registration or enjoy those services or features.<\/p><p>In other cases, we may obtain information passively by using tracking tools, such as browser cookies or other similar technologies, on our website or in communications we send to you.<\/p><p>In certain cases, a third party may have provided us with information about you when you use a feature or service on our website, for example, if they ship an order to your address.<\/p><p>In such cases, we will only process your data in connection with that feature or service, in accordance with the provisions of this Privacy and Cookie Policy.<\/p><p>Depending on how you interact with our website, we will process your personal data for the following purposes:<\/p><p>\u00a0<\/p><p>Purpose<\/p><p>+ info<\/p><p>Data processed<\/p><p>Legitimation<\/p><p><strong>For the development, fulfillment and execution of the purchase or service contract that you have contracted with Us<\/strong><\/p><p>This purpose includes the processing of your data mainly for:<\/p><p>-Contact you regarding updates or informational communications related to the features, products, or services you have purchased, including sending quality surveys about the products or services provided.<\/p><p>\u2013 Manage payment for the products you purchase, regardless of the payment method used<\/p><p>\u2013 Activate the necessary mechanisms to prevent and detect misuse of the website, for example, during the purchase and return process, as well as potential fraud against you and\/or Us.<\/p><p>\u2013 Manage possible exchanges or returns after you have made a purchase and handle requests for information about garment availability and product reservations through the website, depending on the options available at any given time.<\/p><p>\u2013 For billing purposes and to provide you with receipts and invoices for purchases you have made on the website.<\/p><p>Names, surnames (optional ID), email and other information contained in your query, bank details.<\/p><p>The processing of your data is necessary for the execution of the sales or service contract that binds us to you.<\/p><p>Some data processing associated with the purchasing process may be activated solely at your request or authorization, such as storing payment information for future purchases. In these cases, we process your data based on your consent.<\/p><p>We believe we have a legitimate interest in carrying out the necessary checks to detect and prevent possible fraud or fraudulent use when you use the website, for example, when making a purchase.<\/p><p>or return. We understand that processing this data is beneficial for all parties: for you, as it allows us to implement measures to protect you against fraudulent attempts by third parties; for us, because it allows us to prevent misuse of the website; and for all our customers and society, because it also protects their interest in ensuring that fraudulent activities are discouraged and detected when they occur.<\/p><p><strong>To respond to requests or petitions you make through the Contact channels<\/strong><\/p><p>We only process personal data that is strictly necessary.<\/p><p>to manage or resolve your request or application<\/p><p>Names, surnames, email and other data contained in your query.<\/p><p>Consent of the interested party for the processing of their personal data (Article 6.1.a) GDPR)<\/p><p><strong>For marketing purposes<\/strong><\/p><p>This purpose includes the processing of your data mainly for:<\/p><p>\u25aa Personalize the services we offer you and be able to make recommendations based on your interaction with us on the website and the analysis of your user profile (for example, based on your purchase and browsing history).<\/p><p>\u25aa To the extent that you subscribe to our Newsletter, we will process your personal data to manage your subscription, including sending personalized information about our products or services through various means.<\/p><p>\u25aa Show you online ads that you may see when browsing websites and apps, for example, on social media. The ads you see may be displayed randomly, but other times they may be related to your purchasing history, preferences, and browsing.<\/p><p>Names, surnames, e-mail.<\/p><p>Consent of the interested party for the processing of their personal data (Article 6.1.a) GDPR)<\/p><p>In addition to the above personal data, we may collect information through our own and third-party cookies related to the storage of consent, for the proper functioning of the website, information from website usage logs and visit logs, for statistical purposes, and information related to the number of pages visited, the city to which the IP address from which the access is made is assigned, the number of new users, the frequency and repeat visits, the duration of the visit, the browser or operator or type of terminal from which the website is accessed, for commercial purposes. See the Cookies Policy for more information on the use of cookies and other technologies described in this section.<\/p><p><strong>How long will we retain your data?<\/strong><\/p><p>The retention period for the personal data provided will depend on the purposes for which we process it:<\/p><p>Purpose<\/p><p>Conservation period<\/p><p><strong>For the development, fulfillment and execution of the purchase or service contract that you have contracted with Us<\/strong><\/p><p>We will process your data for the time necessary to process the purchase of the products or services you have acquired, including any returns, complaints, or claims associated with the purchase of the particular product or service.<\/p><p>In some cases, we will only process your data until you decide, such as payment information you have requested to store for future purchases (if this feature is available).<\/p><p><strong>To respond to requests or petitions you make through the Contact channels<\/strong><\/p><p>We will process your data for as long as necessary to process your request or application.<\/p><p><strong>For marketing purposes<\/strong><\/p><p>We will process your data until you unsubscribe or cancel your subscription to the newsletter.<\/p><p>We&#039;ll also show you personalized ads until you change your device, browser, or cookie settings, which will revoke that permission.<\/p><p>\u00a0<\/p><p>Regardless of whether we process your data for the time strictly necessary to fulfill the corresponding purpose, we will subsequently retain it, duly stored and protected, for as long as any liability may arise from the processing, in compliance with the regulations in force at any given time. Once the possible actions in each case have expired, we will proceed to delete the personal data.<\/p><p><strong>Who will we share your data with?<\/strong><\/p><p>To fulfill the purposes described in this Privacy Policy, we may need to provide access to your personal data to entities that manage customer services, such as CRM, shipping, data analytics, and digital marketing.<\/p><p>Except in the cases mentioned above, Jewels Century 21 does not share your personal data with third parties unless legally required or necessary to execute the contract.<\/p><p><strong>What rights do you have regarding data protection?<\/strong><\/p><p>The owner guarantees the utmost confidentiality of your personal data and also guarantees the right to exercise your rights through the email address info@jewelscentury21.com.<\/p><p>These rights are:<\/p><ul><li>Request access to personal data relating to the interested party.<\/li><li>Request rectification or deletion.<\/li><li>Request limitation of your processing.<\/li><li>Oppose treatment. \u00a0<\/li><li>Request data portability.<\/li><li>Reject automated individual decisions<\/li><li>If applicable, revoke your consent.<\/li><\/ul><p>To exercise any of the rights described above, we may ask you for a copy of a document that proves your identity.<\/p><p>We also inform you that you can direct your complaints to the Spanish Data Protection Agency.<\/p><p><strong>Changes to the privacy policy<\/strong><\/p><p>The owner reserves the right to modify this policy to adapt it to new legislation or jurisprudence, as well as industry practices. In such cases, we will communicate the changes with reasonable notice prior to their implementation.<\/p><\/li><\/ol>\t\t\t<\/div>\n\t\t<\/div>\n\t\t\t\t<\/div>\n\t\t\t\t\t\t<\/div>\n\t\t\t\t<\/div>\n\t\t\t\t\t<\/div>\n\t\t<\/div>\n\t\t\t\t\t<\/div>\n\t\t<\/section>\n\t\t\t\t<\/div>","protected":false},"excerpt":{"rendered":"<p>\u00bfQui\u00e9nes SOMOS? BE THE REFERENCE SLU (CIF: B44598399) Direcci\u00f3n postal: C\/ Tirso de Molina n. 36, de Cornell\u00e0 de Llobregat (CP: 08940, Barcelona). Datos de contacto: E-mail:\u00a0\u00a0info@jewelscentury21.com Tel\u00e9fono: (+34) 616 169 913. \u00bfQu\u00e9 datos tratamos y con qu\u00e9 finalidad tratamos tus datos personales? Dependiendo de los productos, servicios o funcionalidades de los que quieras disfrutar en cada momento necesitaremos tratar unos datos u otros, que en general ser\u00e1n, seg\u00fan el caso, los siguientes: \u25aa\u00a0tus datos identificativos (por ejemplo, tu nombre, apellido, imagen, idioma y pa\u00eds desde el que interact\u00faas con nosotros, datos de contacto, etc.); \u25aa\u00a0informaci\u00f3n econ\u00f3mica y transaccional (por ejemplo, tus datos de pago o de tarjeta, informaci\u00f3n acerca de tus compras, pedidos, devoluciones, etc.); \u25aa\u00a0informaci\u00f3n comercial (por ejemplo, si est\u00e1s suscrito a nuestra newsletter), \u25aa\u00a0datos sobre tus gustos y preferencias. Recuerda que, cuando te pidamos que rellenes tus datos personales para darte acceso a alguna funcionalidad o servicio de nuestro espacio web, marcaremos algunos campos como obligatorios, puesto que son datos que necesitamos para poder prestarte el servicio o darte acceso a la funcionalidad en cuesti\u00f3n. Por favor, ten en cuenta que si decides no facilitarnos esos datos, es posible que no puedas completar tu registro como usuario o que no puedas disfrutar de esos servicios o funcionalidades. En otros casos, podemos obtener informaci\u00f3n de forma pasiva al utilizar herramientas de rastreo, como las cookies de los navegadores u otras tecnolog\u00edas similares de nuestro espacio web o de las comunicaciones que te enviamos. En determinados casos, un tercero puede habernos facilitado informaci\u00f3n sobre ti al usar una funcionalidad o servicio de nuestro espacio web, por ejemplo, si env\u00edan un pedido a tu direcci\u00f3n. En tales casos, \u00fanicamente trataremos tus datos en relaci\u00f3n con esa funcionalidad o servicio, de conformidad con lo establecido en la presente Pol\u00edtica de Privacidad y Cookies. Dependiendo de c\u00f3mo interact\u00faes con nuestro espacio web, trataremos tus datos personales para las siguientes finalidades: \u00a0 Finalidad + info Datos tratados Legitimaci\u00f3n Para el desarrollo, cumplimiento y ejecuci\u00f3n del contrato de compraventa o de servicios que hayas contratado con Nosotros Esta finalidad incluye el tratamiento de tus datos para, principalmente: -Contactar contigo en relaci\u00f3n con actualizaciones o comunicaciones informativas relacionadas con las funcionalidades, productos o servicios contratados, incluyendo el env\u00edo de encuestas de calidad sobre los productos o servicios prestados. \u2013 Gestionar el pago de los productos que compres, independientemente del medio de pago utilizado \u2013 Activar los mecanismos necesarios con objeto de prevenir y detectar el uso indebido de la web, por ejemplo, durante el proceso de compra y devoluci\u00f3n, as\u00ed como potenciales fraudes contra ti y\/o contra Nosotros. \u2013 Gestionar posibles cambios o devoluciones una vez hayas realizado una compra y gestionar solicitudes de informaci\u00f3n sobre la disponibilidad de prendas, reservas de productos a trav\u00e9s de la web, seg\u00fan dichas opciones se encuentren disponibles en cada momento. \u2013 Con fines de facturaci\u00f3n y para poner a tu disposici\u00f3n los tickets y facturas de las compras que hayas realizado en la web. Nombres, apellidos, (opcional DNI), e-mail y otros datos contenidos en su consulta, datos bancarios. El tratamiento de tus datos es necesario para la ejecuci\u00f3n del contrato de compraventa o de prestaci\u00f3n de servicios que nos vincule contigo. Es posible que algunos tratamientos de datos asociados al proceso de compra se activen \u00fanicamente porque t\u00fa lo solicites o nos autorices, como es el caso del almacenamiento de los datos de pago para futuras compras. En estos casos, la base sobre la que tratamos tus datos es tu propio consentimiento. Consideramos que tenemos un inter\u00e9s leg\u00edtimo para realizar las comprobaciones necesarias para detectar y prevenir posibles fraudes o usos fraudulentos cuando usas la web, por ejemplo, al realizar una compra o devoluci\u00f3n. Entendemos que el tratamiento de estos datos resulta positivo para todas las partes: para ti, ya que nos permite poner medidas para protegerte contra intentos de fraude realizados por terceros; para Nosotros, porque nos permite evitar que se haga un uso indebido de la web; para todos nuestros clientes y la sociedad, porque tambi\u00e9n protege su inter\u00e9s en asegurar que las actividades fraudulentas sean desalentadas y detectadas cuando ocurran. Para atender las solicitudes o peticiones que realices a trav\u00e9s de los canales de Contacto S\u00f3lo tratamos los datos personales que sean estrictamente necesarios para gestionar o resolver tu solicitud o petici\u00f3n Nombres, apellidos, e-mail y otros datos contenidos en su consulta. Consentimiento del interesado para el tratamiento de sus datos personales (art\u00edculo 6.1.a) RGPD) Para fines de marketing Esta finalidad incluye el tratamiento de tus datos para, principalmente: \u25aa\u00a0Personalizar los servicios que te ofrecemos y poder hacerte recomendaciones en funci\u00f3n de tu interacci\u00f3n con nosotros en la web y del an\u00e1lisis de tu perfil de usuario (por ejemplo, en base a tu historial de compra y navegaci\u00f3n). \u25aa\u00a0En la medida en que te suscribas a nuestra Newsletter, trataremos tus datos personales para gestionar tu suscripci\u00f3n, incluyendo el env\u00edo de informaci\u00f3n personalizada acerca de nuestros productos o servicios a trav\u00e9s de diversos medios \u25aa\u00a0Mostrarte publicidad en Internet que podr\u00e1s ver cuando navegues en sitios web y apps, por ejemplo, en redes sociales. La publicidad que veas puede mostrarse de modo aleatorio, pero en otras ocasiones se trata de publicidad que puede estar relacionada con tu historial de compra, preferencias y navegaci\u00f3n. Nombres, apellidos, e-mail. Consentimiento del interesado para el tratamiento de sus datos personales (art\u00edculo 6.1.a) RGPD) Adem\u00e1s de los datos personales anteriores, podemos recopilar informaci\u00f3n a trav\u00e9s de cookies propias y de terceros relativa al almacenamiento de consentimiento, para el buen funcionamiento del sitio web, informaci\u00f3n de registros de utilizaci\u00f3n del sitio web y de registro de visitas, con finalidades estad\u00edsticas, e, informaci\u00f3n relativa al n\u00famero de p\u00e1ginas visitadas, la ciudad a la que est\u00e1 asignada la direcci\u00f3n IP desde la que se accede, el n\u00famero de nuevos usuarios, la frecuencia y reincidencia de las visitas, el tiempo de la visita, la navegador u operador o tipo de terminal desde el que accede al sitio web, con finalidades comerciales. Consulte la Pol\u00edtica Cookies [&hellip;]<\/p>\n","protected":false},"author":1,"featured_media":0,"parent":0,"menu_order":0,"comment_status":"closed","ping_status":"closed","template":"","meta":{"footnotes":""},"class_list":["post-22197","page","type-page","status-publish","hentry","post-no-thumbnail"],"_links":{"self":[{"href":"https:\/\/jewelscentury21.com\/en\/wp-json\/wp\/v2\/pages\/22197","targetHints":{"allow":["GET"]}}],"collection":[{"href":"https:\/\/jewelscentury21.com\/en\/wp-json\/wp\/v2\/pages"}],"about":[{"href":"https:\/\/jewelscentury21.com\/en\/wp-json\/wp\/v2\/types\/page"}],"author":[{"embeddable":true,"href":"https:\/\/jewelscentury21.com\/en\/wp-json\/wp\/v2\/users\/1"}],"replies":[{"embeddable":true,"href":"https:\/\/jewelscentury21.com\/en\/wp-json\/wp\/v2\/comments?post=22197"}],"version-history":[{"count":4,"href":"https:\/\/jewelscentury21.com\/en\/wp-json\/wp\/v2\/pages\/22197\/revisions"}],"predecessor-version":[{"id":22201,"href":"https:\/\/jewelscentury21.com\/en\/wp-json\/wp\/v2\/pages\/22197\/revisions\/22201"}],"wp:attachment":[{"href":"https:\/\/jewelscentury21.com\/en\/wp-json\/wp\/v2\/media?parent=22197"}],"curies":[{"name":"wp","href":"https:\/\/api.w.org\/{rel}","templated":true}]}}