{"id":22190,"date":"2024-05-13T14:49:38","date_gmt":"2024-05-13T12:49:38","guid":{"rendered":"https:\/\/jewelscentury21.com\/?page_id=22190"},"modified":"2024-05-13T14:51:01","modified_gmt":"2024-05-13T12:51:01","slug":"aviso-legal","status":"publish","type":"page","link":"https:\/\/jewelscentury21.com\/en\/aviso-legal\/","title":{"rendered":"Legal notice"},"content":{"rendered":"<div data-elementor-type=\"wp-page\" data-elementor-id=\"22190\" class=\"elementor elementor-22190\" data-elementor-post-type=\"page\">\n\t\t\t\t\t\t<section class=\"elementor-section elementor-top-section elementor-element elementor-element-cf5f2ec elementor-section-boxed elementor-section-gap-beside-yes elementor-section-height-default elementor-section-height-default elementor-section-column-vertical-align-stretch\" data-id=\"cf5f2ec\" data-element_type=\"section\" data-e-type=\"section\">\n\t\t\t\t\t\t<div class=\"elementor-container elementor-column-gap-extended\">\n\t\t\t\t\t<div class=\"elementor-column elementor-col-100 elementor-top-column elementor-element elementor-element-7bd1dbf\" data-id=\"7bd1dbf\" data-element_type=\"column\" data-e-type=\"column\">\n\t\t\t<div class=\"elementor-widget-wrap elementor-element-populated\">\n\t\t\t\t\t\t<div class=\"elementor-element elementor-element-78d83b1 elementor-widget elementor-widget-tm-heading\" data-id=\"78d83b1\" data-element_type=\"widget\" data-e-type=\"widget\" data-widget_type=\"tm-heading.default\">\n\t\t\t\t<div class=\"elementor-widget-container\">\n\t\t\t\t\t\t\t<div class=\"tm-modern-heading tm-modern-heading--style-01 tm-modern-heading--highlight-style-01\">\n\t\t\t\n\t\t\t\n\t\t\t\n\t\t\t\t\t<div class=\"heading-description-wrap\">\n\t\t\t<div class=\"heading-description\">\n\t\t\t\t<ol><li><strong>Identification of the owner and object<\/strong><\/li><\/ol><p>In compliance with the provisions of Article 10 of Law 34\/2002, of July 11, on information society services and electronic commerce, we inform you of the following information:<\/p><ul><li>Owner of the website https:\u00a0<a title=\"https:\/\/jewelscentury21.com\/\" href=\"https:\/\/jewelscentury21.com\/en\/\">jewelscentury21.com<\/a>\u00a0hereinafter the \u201cwebsite\u201d: BE THE REFERENCE SLU (hereinafter also \u201cthe owner\u201d)<\/li><li>CIF: B44598399<\/li><li>Registered office: C\/ Tirso de Molina n. 36, of Cornell\u00e0 de Llobregat (CP: 08940, Barcelona).<\/li><\/ul><p>You can contact us via email\u00a0<a title=\"mailto:info@jewelscentury21.com\" href=\"mailto:info@jewelscentury21.com\">info@jewelscentury21.com<\/a>\u00a0or by calling the following telephone number (+34) 616 169 913.<\/p><p>These terms and conditions govern user access to and navigation of this website. By visiting, you accept these terms and conditions. The owner may modify the content and purpose of this website, as well as these terms and conditions, at any time.<\/p><p>A user is considered to be the person who visits our website and therefore accepts these conditions.<\/p><p>Additionally, we provide information about users&#039; rights and obligations regarding browsing our website, as well as any responsibilities that may arise.<\/p><ol><li><strong>Terms of use of the website<\/strong><\/li><\/ol><ul><li><strong>Users<\/strong><\/li><\/ul><p>Access to and\/or use of the owner&#039;s websites confers the status of User, who accepts, upon such access and\/or use, the Terms of Use set forth therein. These Terms shall apply regardless of any mandatory General Terms and Conditions.<\/p><ul><li><strong>Veracity of data and use of the website<\/strong><\/li><\/ul><p>The information or personal data you provide about yourself will be processed in accordance with the Privacy and Cookie Policy. By using this website, you consent to the processing of such information and data and declare that all information or data you provide is true and accurate.<\/p><p>By using this website and placing orders through it, you agree to:<\/p><p>i. Use this website only to make legally valid inquiries or place orders.<\/p><p>ii. Not to place any false or fraudulent orders. If such an order could reasonably be considered to have been placed, we will be authorized to cancel it and inform the relevant authorities.<\/p><p>iii. Provide us with your email address, postal address, and\/or other contact information in a truthful and accurate manner. You also agree that we may use this information to contact you if necessary (see our Privacy Policy).<\/p><p>If you do not provide us with all the information we need, we will not be able to process your order.<\/p><p>We reserve the right to prevent you from accessing our website or to cancel your account.<\/p><p>if your behavior constitutes a breach of these terms and conditions or applicable regulations.<\/p><p>By placing an order through this website, you declare that you are over 18 years of age and have the legal capacity to enter into contracts.<\/p><ul><li><strong>Intellectual and industrial property<\/strong><\/li><\/ul><p>The owner, as the owner of all intellectual and industrial property rights of its web pages, as well as the elements contained therein (including, but not limited to, images, sound, audio, video, software or text; trademarks or logos, color combinations, structure and design, selection of materials used, access and use), owned by the owner or its licensors.<\/p><p>All rights reserved. Pursuant to the provisions of Articles 8 and 32.1, second paragraph, of the Intellectual Property Law, the reproduction, distribution, and public communication, including making available, of all or part of the contents of this website for commercial purposes, on any medium and by any technical means, are expressly prohibited without the owner&#039;s authorization. The User undertakes to respect the owner&#039;s intellectual and industrial property rights.<\/p><ul><li><strong>Exclusion of warranties and liability<\/strong><\/li><\/ul><p>The owner is not liable, under any circumstances, for damages of any kind that may be caused by, but not limited to: errors or omissions in the content, lack of availability of the portal, or the transmission of viruses or malicious or harmful programs in the content, despite having adopted all necessary technological measures to prevent them.<\/p><p>The owner reserves the right to deny or withdraw access to its websites and\/or the services offered without prior notice, at its own request or that of a third party, to users who violate the Terms of Use.<\/p><p>The owner will pursue non-compliance with these terms and conditions, as well as any improper use of its websites, by exercising all civil and criminal actions that may be available to it by law.<\/p><ul><li><strong>Modifications<\/strong><\/li><\/ul><p>The owner reserves the right to make any changes it deems appropriate to its websites without prior notice. It may change, delete, or add content and services provided through the website, as well as the way in which they are presented or located on the website.<\/p><ul><li><strong>Links<\/strong><\/li><\/ul><p>If the websites contain links or hyperlinks to other Internet sites, the owner will not exercise any control over said sites and content. Under no circumstances will the owner assume any responsibility for the content of any link belonging to a third-party website, nor will it guarantee the technical availability, quality, reliability, accuracy, truthfulness, validity, or constitutionality of any material or information contained in any of said hyperlinks or other Internet sites. Likewise, the inclusion of these external links will not imply any type of association, merger, or participation with the connected entities.<\/p><ul><li><strong>Modification of conditions and duration<\/strong><\/li><\/ul><p>The owner may modify the conditions set forth herein at any time, and they shall be duly published as they appear here. The validity of these conditions shall depend on their exposure and shall remain in effect until modified by other duly published conditions.<\/p><ul><li><strong>Secure payment method<\/strong><\/li><\/ul><p>The cardholder manages credit card payments through the Redsys platform, using its secure payment gateway. All data provided for this purpose is encrypted to ensure maximum security at all times.<\/p><ul><li><strong>Confidentiality and protection of personal data<\/strong><\/li><\/ul><p>The owner will process the personal data you provide during your browsing experience on the website in accordance with current data protection regulations. For more information, please see the privacy policy.<\/p><p>The owner uses cookies on this website. For more information, see the cookie policy.<\/p><ul><li><strong>Responsibility<\/strong><\/li><\/ul><p>The owner is exempt from any liability arising from any damage that may be suffered by the user, or consequently by any third party, resulting from access to and use of the website, from inability to access it, from relying on the information provided therein, or from accessing third-party pages that are the subject of redirects.<\/p><p>The owner makes every effort to avoid any errors in the content of the website, but does not guarantee or accept liability for any errors in the content of the website. Therefore, the owner excludes any liability for damages of any kind arising from:<\/p><p>\u2013 Interruption of operation or lack of availability of access to the website.<\/p><p>\u2013 Privacy and security in the use of the website by the user and\/or unauthorized access by unauthorized third parties.<\/p><p>\u2013 Possible transmission of elements that negatively affect computer systems.<\/p><p>\u2013 Accuracy, completeness, and timely updating of the content on your website.<\/p><p>Consequently, the owner does not guarantee the reliability, availability, or continuity of its website and its contents. Therefore, use of the website by the user is at their own risk, and the owner is not liable for any such use.<\/p><p>The owner shall have the right, without compensation to the user, to temporarily suspend the services and content of the website to carry out maintenance, improvements, or repairs.<\/p><p>The owner will not be liable for any damages caused by anyone who violates these conditions or the website&#039;s security systems.<\/p><p>The owner shall not be liable for the content published or stored on any media made available to the user on the website. However, as soon as it becomes aware of content that violates current regulations, it undertakes to remove it as soon as possible.<\/p><p>The owner shall not be liable for any errors on the website, viruses and\/or other harmful components, or force majeure circumstances that affect the continuity of the website or may cause harm to users.<\/p><p>The owner is not responsible for the user&#039;s use of the site&#039;s services and products and their passwords, as well as for any other material on the site that infringes intellectual or industrial property rights or any other third-party rights, and reserves the right to remove any content that is false, inaccurate, or contrary to the law, morality, public order, and good customs.<\/p><p>In any case, the owner has made every effort to keep the website up-to-date, with reliable and high-quality information, as well as secure and continuously operational, adopting all necessary legal, organizational, and technical measures. However, the owner shall not be liable for any failure to update or correct this information, as well as for the content and information transmitted therein.<\/p><p>If you believe that there is any content on the website that may be unlawful, or suspect that any of the terms and conditions of this website may be violated, please notify us immediately using the contact methods provided.<\/p><ul><li><strong>Applicable law and jurisdiction<\/strong><\/li><\/ul><p>For the resolution of any dispute related to this website, Spanish law in force at the time of the dispute will apply, to which the parties expressly submit. The Courts and Tribunals of the city of Barcelona shall have jurisdiction to resolve all disputes arising from or related to its use.<\/p><ul><li><strong>Website suspension<\/strong><\/li><\/ul><p>The owner may suspend the operation of its website at any time, with or without prior notice, and the user may not claim any compensation for this reason.<\/p><p><strong>Last updated: 07\/24\/2023.<\/strong><\/p>\t\t\t<\/div>\n\t\t<\/div>\n\t\t\t\t<\/div>\n\t\t\t\t\t\t<\/div>\n\t\t\t\t<\/div>\n\t\t\t\t\t<\/div>\n\t\t<\/div>\n\t\t\t\t\t<\/div>\n\t\t<\/section>\n\t\t\t\t<\/div>","protected":false},"excerpt":{"rendered":"<p>Identificaci\u00f3n del titular y objeto En cumplimiento de lo dispuesto en el art\u00edculo 10 de la Ley 34\/2002, de 11 de julio, de servicios de la sociedad de la informaci\u00f3n y de comercio electr\u00f3nico, le informamos de los siguientes datos: Titular de la web https:\u00a0jewelscentury21.com\u00a0en adelante el \u201csitio web\u201d: BE THE REFERENCE SLU (en adelante tambi\u00e9n \u201cel titular\u201d) CIF: B44598399 Domicilio social: C\/ Tirso de Molina n. 36, de Cornell\u00e0 de Llobregat (CP: 08940, Barcelona). Podr\u00e1 ponerse en contacto con nosotros a trav\u00e9s del correo electr\u00f3nico\u00a0info@jewelscentury21.com\u00a0o mediante el siguiente n\u00famero de tel\u00e9fono (+34) 616 169 913. Las presentes condiciones regulan el acceso y navegaci\u00f3n de los usuarios a trav\u00e9s del presente sitio web. Mediante su visita, usted acepta estas condiciones. El titular podr\u00e1 modificar en cualquier momento el contenido y finalidad de este sitio web, as\u00ed como de las condiciones. Un usuario se considera a la persona que visita nuestro sitio web, y por lo tanto, acepta las presentes condiciones. Adicionalmente, proporcionamos informaci\u00f3n sobre los derechos y obligaciones de los usuarios en relaci\u00f3n con la navegaci\u00f3n a trav\u00e9s de nuestro sitio web, as\u00ed como las responsabilidades que pudieran derivarse. Condiciones de uso de la web Usuarios El acceso y\/o uso de las websites del titular atribuye la condici\u00f3n de Usuario, que acepta, desde dicho acceso y\/o uso, las Condiciones de Uso reflejadas. Las citadas Condiciones ser\u00e1n de aplicaci\u00f3n independientemente de las Condiciones Generales de Contrataci\u00f3n que en su caso resulten de obligado cumplimiento. Veracidad de los datos y uso del sitio web La informaci\u00f3n o datos personales que nos facilite sobre usted ser\u00e1n tratados con arreglo a lo establecido en la Pol\u00edtica de Privacidad y Cookies. Al hacer uso de esta p\u00e1gina web usted consiente el tratamiento de dicha informaci\u00f3n y datos y declara que toda la informaci\u00f3n o datos que nos facilite son veraces y se corresponden con la realidad. Al hacer uso de esta p\u00e1gina web y realizar pedidos a trav\u00e9s de la misma usted se compromete a: i. Hacer uso de esta p\u00e1gina web \u00fanicamente para realizar consultas o pedidos legalmente v\u00e1lidos. ii. No realizar ning\u00fan pedido falso o fraudulento. Si razonablemente se pudiera considerar que se ha hecho un pedido de esta \u00edndole estaremos autorizados a anularlo e informar a las autoridades pertinentes. iii. Facilitarnos su direcci\u00f3n de correo electr\u00f3nico, direcci\u00f3n postal y\/u otros datos de contacto de forma veraz y exacta. Asimismo, consiente que podremos hacer uso de dicha informaci\u00f3n para ponernos en contacto con usted si es necesario (ver nuestra Pol\u00edtica de Privacidad). Si no nos facilita usted toda la informaci\u00f3n que necesitamos, no podremos cursar su pedido. Nos reservamos el derecho de impedirle el acceso a nuestra p\u00e1gina web o de cancelar su cuenta si su comportamiento constituye un incumplimiento de los presentes t\u00e9rminos y condiciones o de la normativa vigente. Al realizar un pedido a trav\u00e9s de esta p\u00e1gina web, usted declara ser mayor de 18 a\u00f1os y tener capacidad legal para celebrar contratos. Propiedad intelectual e industrial El titular, como titular de todos los derechos de propiedad intelectual e industrial de sus p\u00e1ginas webs, as\u00ed como de los elementos contenidos en el mismo (a t\u00edtulo enunciativo, im\u00e1genes, sonido, audio, v\u00eddeo, software o textos; marcas o logotipos, combinaciones de colores, estructura y dise\u00f1o, selecci\u00f3n de materiales usados, acceso y uso), titularidad de este o bien de sus licenciantes. Todos los derechos reservados. En virtud de lo dispuesto en los art\u00edculos 8 y 32.1, p\u00e1rrafo segundo, de la Ley de Propiedad Intelectual, quedan expresamente prohibidas la reproducci\u00f3n, la distribuci\u00f3n y la comunicaci\u00f3n p\u00fablica, incluida su modalidad de puesta a disposici\u00f3n, de la totalidad o parte de los contenidos de esta p\u00e1gina web, con fines comerciales, en cualquier soporte y por cualquier medio t\u00e9cnico, sin la autorizaci\u00f3n del titular. El Usuario se compromete a respetar los derechos de Propiedad Intelectual e Industrial del titular. Exclusi\u00f3n de garant\u00edas y responsabilidad El titular no se hace responsable, en ning\u00fan caso, de los da\u00f1os y perjuicios de cualquier naturaleza que pudieran ocasionar, a t\u00edtulo enunciativo: errores u omisiones en los contenidos, falta de disponibilidad del portal o la transmisi\u00f3n de virus o programas maliciosos o lesivos en los contenidos, a pesar de haber adoptado todas las medidas tecnol\u00f3gicas necesarias para evitarlo. El titular se reserva el derecho a denegar o retirar el acceso a sus websites y\/o los servicios ofrecidos sin necesidad de preaviso, a instancia propia o de un tercero, a aquellos usuarios que incumplan las Condiciones de Uso. El titular perseguir\u00e1 el incumplimiento de las presentes condiciones as\u00ed como cualquier utilizaci\u00f3n indebida de sus websites ejerciendo todas las acciones civiles y penales que le puedan corresponder en derecho. Modificaciones El titular se reserva el derecho de efectuar sin previo aviso las modificaciones que considere oportunas en sus websites, pudiendo cambiar, suprimir o a\u00f1adir tanto los contenidos y servicios que se presten a trav\u00e9s de la misma como la forma en la que \u00e9stos aparezcan presentados o localizados en sus websites. Enlaces En el caso de que en las websites se dispusiesen enlaces o hiperv\u00ednculos hac\u00eda otros sitios de Internet, el titular no ejercer\u00e1 ning\u00fan tipo de control sobre dichos sitios y contenidos. En ning\u00fan caso el titular asumir\u00e1 responsabilidad alguna por los contenidos de alg\u00fan enlace perteneciente a un sitio web ajeno, ni garantizar\u00e1 la disponibilidad t\u00e9cnica, calidad, fiabilidad, exactitud, veracidad, validez y constitucionalidad de cualquier material o informaci\u00f3n contenida en ninguno de dichos hiperv\u00ednculos u otros sitios de Internet. Igualmente la inclusi\u00f3n de estas conexiones externas no implicar\u00e1 ning\u00fan tipo de asociaci\u00f3n, fusi\u00f3n o participaci\u00f3n con las entidades conectadas. Modificaci\u00f3n de las condiciones y duraci\u00f3n El titular podr\u00e1 modificar en cualquier momento las condiciones aqu\u00ed determinadas, siendo debidamente publicadas como aqu\u00ed aparecen. La vigencia de las citadas condiciones ir\u00e1 en funci\u00f3n de su exposici\u00f3n y estar\u00e1n vigentes hasta que sean modificadas por otras debidamente publicadas. Forma de pago segura El titular gestiona los cobros de tarjetas de cr\u00e9dito a trav\u00e9s de la plataforma Redsys, mediante su pasarela de pago de comercio seguro. Todos [&hellip;]<\/p>\n","protected":false},"author":1,"featured_media":0,"parent":0,"menu_order":0,"comment_status":"closed","ping_status":"closed","template":"","meta":{"footnotes":""},"class_list":["post-22190","page","type-page","status-publish","hentry","post-no-thumbnail"],"_links":{"self":[{"href":"https:\/\/jewelscentury21.com\/en\/wp-json\/wp\/v2\/pages\/22190","targetHints":{"allow":["GET"]}}],"collection":[{"href":"https:\/\/jewelscentury21.com\/en\/wp-json\/wp\/v2\/pages"}],"about":[{"href":"https:\/\/jewelscentury21.com\/en\/wp-json\/wp\/v2\/types\/page"}],"author":[{"embeddable":true,"href":"https:\/\/jewelscentury21.com\/en\/wp-json\/wp\/v2\/users\/1"}],"replies":[{"embeddable":true,"href":"https:\/\/jewelscentury21.com\/en\/wp-json\/wp\/v2\/comments?post=22190"}],"version-history":[{"count":4,"href":"https:\/\/jewelscentury21.com\/en\/wp-json\/wp\/v2\/pages\/22190\/revisions"}],"predecessor-version":[{"id":22196,"href":"https:\/\/jewelscentury21.com\/en\/wp-json\/wp\/v2\/pages\/22190\/revisions\/22196"}],"wp:attachment":[{"href":"https:\/\/jewelscentury21.com\/en\/wp-json\/wp\/v2\/media?parent=22190"}],"curies":[{"name":"wp","href":"https:\/\/api.w.org\/{rel}","templated":true}]}}